{"id":11,"date":"2011-10-24T16:23:32","date_gmt":"2011-10-24T20:23:32","guid":{"rendered":"http:\/\/retinacanada.com\/fr\/?page_id=11"},"modified":"2024-05-03T13:04:38","modified_gmt":"2024-05-03T13:04:38","slug":"notre-mission","status":"publish","type":"page","link":"https:\/\/retinacanada.com\/fr\/?page_id=11","title":{"rendered":"Notre mission"},"content":{"rendered":"\n<p>La mission de <strong>la Fondation de la R\u00e9tine du Canada<\/strong> est de gu\u00e9rir la maladie de la r\u00e9tine et de pr\u00e9server la vue.<\/p>\n\n\n\n<figure class=\"wp-block-image size-full\"><img loading=\"lazy\" decoding=\"async\" width=\"1812\" height=\"931\" src=\"https:\/\/retinacanada.com\/fr\/wp-content\/uploads\/2011\/10\/106599330-eyes-crop.jpg\" alt=\"\" class=\"wp-image-46\"\/><figcaption class=\"wp-element-caption\">Am\u00e9liorer les soins au patients<\/figcaption><\/figure>\n\n\n\n<h2 class=\"wp-block-heading\">Les buts de la Fondation sont:<\/h2>\n\n\n\n<ul class=\"wp-block-list\">\n<li>Am\u00e9liorer les soins aux patients<\/li>\n\n\n\n<li>S\u2019assurer de la disponibilit\u00e9 des sp\u00e9cialistes qualifi\u00e9s<\/li>\n\n\n\n<li>Promouvoir l\u2019\u00e9duction continue et les possibilit\u00e9s d\u2019\u00e9change entre professionnels.<\/li>\n\n\n\n<li>Promouvoir la recherche<\/li>\n\n\n\n<li>Promouvoir la sensibilisation du publique et la d\u00e9tection pr\u00e9coce des maladies de la r\u00e9tine<\/li>\n<\/ul>\n","protected":false},"excerpt":{"rendered":"<p>La mission de la Fondation de la R\u00e9tine du Canada est de gu\u00e9rir la maladie de la r\u00e9tine et de pr\u00e9server la vue. Les buts de la Fondation sont:<\/p>\n","protected":false},"author":1,"featured_media":0,"parent":0,"menu_order":0,"comment_status":"closed","ping_status":"open","template":"","meta":{"footnotes":""},"class_list":["post-11","page","type-page","status-publish","hentry"],"_links":{"self":[{"href":"https:\/\/retinacanada.com\/fr\/index.php?rest_route=\/wp\/v2\/pages\/11","targetHints":{"allow":["GET"]}}],"collection":[{"href":"https:\/\/retinacanada.com\/fr\/index.php?rest_route=\/wp\/v2\/pages"}],"about":[{"href":"https:\/\/retinacanada.com\/fr\/index.php?rest_route=\/wp\/v2\/types\/page"}],"author":[{"embeddable":true,"href":"https:\/\/retinacanada.com\/fr\/index.php?rest_route=\/wp\/v2\/users\/1"}],"replies":[{"embeddable":true,"href":"https:\/\/retinacanada.com\/fr\/index.php?rest_route=%2Fwp%2Fv2%2Fcomments&post=11"}],"version-history":[{"count":2,"href":"https:\/\/retinacanada.com\/fr\/index.php?rest_route=\/wp\/v2\/pages\/11\/revisions"}],"predecessor-version":[{"id":403,"href":"https:\/\/retinacanada.com\/fr\/index.php?rest_route=\/wp\/v2\/pages\/11\/revisions\/403"}],"wp:attachment":[{"href":"https:\/\/retinacanada.com\/fr\/index.php?rest_route=%2Fwp%2Fv2%2Fmedia&parent=11"}],"curies":[{"name":"wp","href":"https:\/\/api.w.org\/{rel}","templated":true}]}}