{"id":357,"date":"2019-03-13T13:41:38","date_gmt":"2019-03-13T13:41:38","guid":{"rendered":"http:\/\/retinacanada.com\/fr\/?page_id=305"},"modified":"2019-03-13T13:41:38","modified_gmt":"2019-03-13T13:41:38","slug":"bourse-de-recherche-junior-2019","status":"publish","type":"page","link":"https:\/\/retinacanada.com\/fr\/?page_id=357","title":{"rendered":"Bourse de recherche junior 2019"},"content":{"rendered":"\n<h3 class=\"wp-block-heading\">D\u00e9tails:<\/h3>\n\n\n<ul class=\"wp-block-list\"><li>Maximum de $5,000.<\/li><li>Un versement unique.<\/li><li>Une bourse disponible.<\/li><li>T\u00e9l\u00e9chargez le\u00a0<a href=\"https:\/\/retinacanada.com\/fr\/wp-content\/uploads\/2019\/03\/retina_foundation_jr_application2019_fr.pdf\">Bourse de recherche junior demande de subvention<\/a> (en fran\u00e7ais)<\/li><li>Download the <a href=\"https:\/\/retinacanada.com\/fr\/wp-content\/uploads\/2019\/03\/retina_foundation_jr_application_2019_en.pdf\">Jr. Clinical Research Grant Application<\/a>\u00a0Adobe Acrobat (PDF) <\/li><\/ul>\n\n\n<h4 class=\"wp-block-heading\">date limite: <strong>le 13 mai, 2019<\/strong><\/h4>\n\n\n<h4 class=\"wp-block-heading\"><strong>SPONSOR&nbsp;:<\/strong><\/h4>\n\n\n<p>Fondation de la R\u00e9tine du Canada (<a href=\"http:\/\/www.retinacanada.com\">retinacanada.com<\/a>)<\/p>\n\n\n<p><strong>PROGRAMME:<\/strong><\/p>\n\n\n<p>Investigateur junior, Bourse de recherche Clinique sur la r\u00e9tine.<\/p>\n\n\n<h4 class=\"wp-block-heading\"><strong>DOMAINE DE RECHERCHE :<\/strong><\/h4>\n\n\n<p>La mission de la Fondation de la R\u00e9tine du Canada est de gu\u00e9rir les maladies de la r\u00e9tine et de pr\u00e9server la vision.<\/p>\n\n\n<p>La bourse peut supporter&nbsp;les recherches cliniques innovatrices dans le domaine des maladies de la r\u00e9tine dans le but de soutenir le mandat de la Fondation.<\/p>\n\n\n<p><strong>MONTANT :<\/strong><\/p>\n\n\n<p>Maximum de $5000, en un versement unique. Une bourse sera accord\u00e9e.<\/p>\n\n\n<h4 class=\"wp-block-heading\"><strong>DATE LIMITE D\u2019INSCRIPTION :<\/strong><\/h4>\n\n\n<h4 class=\"wp-block-heading\">le 13 mai 2019<\/h4>\n\n\n<h4 class=\"wp-block-heading\"><strong>INFORMATION ADDITIONNELLE :<\/strong><\/h4>\n\n\n<ul class=\"wp-block-list\"><li>Les candidats ne peuvent demander un montant sup\u00e9rieur \u00e0 $ 5000.<\/li><li>Aucun frais administratif&nbsp;n\u2019est autoris\u00e9 sur la demande.<\/li><li>Les chercheurs doivent satisfaire aux exigences g\u00e9n\u00e9rales d\u2019admissibilit\u00e9 \u00e9nonc\u00e9es dans le formulaire de demande de subvention.<\/li><li>Le Chercheur Principal (CP) peut \u00eatre \u00e9tudiant ou sp\u00e9cialiste junior des soins de l\u2019\u0153il\/chercheur. Il ne peut y avoir qu\u2019un seul chercheur principal pour chaque proposition.<\/li><li>Les chercheurs sont responsables de v\u00e9rifier que la version finale soumise est \u00e0 la fois compl\u00e8te et qu&rsquo;elle satisfait aux exigence de la fondation. Les incoh\u00e9rences ou omissions sont de la responsabilit\u00e9 du chercheur principal.<\/li><li>Toutes les propositions doivent se&nbsp;conformer aux principes de la recherche et toutes les \u00e9tudes impliquant des sujets humains et\/ou animaux doivent \u00eatre revues et approuv\u00e9es par un d&rsquo;\u00e9thique&nbsp;d\u2019une institution reconnue avant que le financement soit accord\u00e9.<\/li><li>L\u2019application n\u00e9cessite la signature du chef de d\u00e9partement.<\/li><li><strong>Les candidats sont tenus de fournir les documents suivants&nbsp;:<\/strong>\n<ul><li>Formulaire de demande de subvention<\/li><li>Deux lettres de r\u00e9f\u00e9rences.<\/li><li>Le curriculum vitae du demandeur.<\/li><\/ul>\n<\/li><\/ul>\n\n\n<h4 class=\"wp-block-heading\">DEMANDE&nbsp;DE SOUMMISSION:<\/h4>\n\n\n<p>Veuillez envoyer les formulaires de demande et les documents par courriel ou fax: &nbsp;&nbsp;&nbsp;&nbsp;&nbsp;&nbsp;&nbsp;&nbsp;&nbsp;&nbsp;&nbsp; &nbsp;&nbsp;&nbsp;&nbsp;&nbsp;&nbsp;&nbsp;&nbsp;&nbsp;&nbsp;&nbsp;<\/p>\n\n\n<p>Dr John Galic <br \/>Pr\u00e9sident, Comit\u00e9 M\u00e9dical Consultatif,  <br \/>Fondation de la r\u00e9tine du Canada <br \/>Email:&nbsp;&nbsp;<a href=\"mailto:john.galic@retinacanada.com\">john.galic@retinacanada.com<\/a><br \/>Fax: 514-285-8897 <\/p>\n","protected":false},"excerpt":{"rendered":"<p>D\u00e9tails: Maximum de $5,000. Un versement unique. Une bourse disponible. T\u00e9l\u00e9chargez le\u00a0Bourse de recherche junior demande de subvention (en fran\u00e7ais) Download the Jr. Clinical Research Grant Application\u00a0Adobe Acrobat (PDF) date limite: le 13 mai, 2019 SPONSOR&nbsp;: Fondation de la R\u00e9tine du Canada (retinacanada.com) PROGRAMME: Investigateur junior, Bourse de recherche Clinique sur la r\u00e9tine. DOMAINE DE &hellip; <a href=\"https:\/\/retinacanada.com\/fr\/?page_id=357\" class=\"more-link\">Continuer la lecture de <span class=\"screen-reader-text\">Bourse de recherche junior 2019<\/span><\/a><\/p>\n","protected":false},"author":1,"featured_media":0,"parent":0,"menu_order":0,"comment_status":"closed","ping_status":"closed","template":"","meta":{"footnotes":""},"class_list":["post-357","page","type-page","status-publish","hentry"],"_links":{"self":[{"href":"https:\/\/retinacanada.com\/fr\/index.php?rest_route=\/wp\/v2\/pages\/357","targetHints":{"allow":["GET"]}}],"collection":[{"href":"https:\/\/retinacanada.com\/fr\/index.php?rest_route=\/wp\/v2\/pages"}],"about":[{"href":"https:\/\/retinacanada.com\/fr\/index.php?rest_route=\/wp\/v2\/types\/page"}],"author":[{"embeddable":true,"href":"https:\/\/retinacanada.com\/fr\/index.php?rest_route=\/wp\/v2\/users\/1"}],"replies":[{"embeddable":true,"href":"https:\/\/retinacanada.com\/fr\/index.php?rest_route=%2Fwp%2Fv2%2Fcomments&post=357"}],"version-history":[{"count":0,"href":"https:\/\/retinacanada.com\/fr\/index.php?rest_route=\/wp\/v2\/pages\/357\/revisions"}],"wp:attachment":[{"href":"https:\/\/retinacanada.com\/fr\/index.php?rest_route=%2Fwp%2Fv2%2Fmedia&parent=357"}],"curies":[{"name":"wp","href":"https:\/\/api.w.org\/{rel}","templated":true}]}}