{"id":396,"date":"2024-05-03T12:57:16","date_gmt":"2024-05-03T12:57:16","guid":{"rendered":"https:\/\/retinacanada.com\/fr\/?page_id=396"},"modified":"2024-05-03T12:59:03","modified_gmt":"2024-05-03T12:59:03","slug":"396-2","status":"publish","type":"page","link":"https:\/\/retinacanada.com\/fr\/?page_id=396","title":{"rendered":"Bourse de recherche senior"},"content":{"rendered":"\n<h3 class=\"wp-block-heading\">D\u00e9tails:<\/h3>\n\n\n\n<ul class=\"wp-block-list\">\n<li>Maximum de $20,000.<\/li>\n\n\n\n<li>Un versement unique.<\/li>\n\n\n\n<li>Une bourse disponible<\/li>\n\n\n\n<li>L\u2019application sera disponible \u00e0 l\u2019\u00e9t\u00e9 2024.<\/li>\n<\/ul>\n\n\n\n<h4 class=\"wp-block-heading\">Date limite: <strong>le 4 novembre, 2024<\/strong><\/h4>\n\n\n\n<h4 class=\"wp-block-heading\"><strong>SPONSOR&nbsp;:<\/strong><\/h4>\n\n\n\n<p>Fondation de la R\u00e9tine du Canada (<a href=\"http:\/\/www.retinacanada.com\">retinacanada.com<\/a>)<\/p>\n\n\n\n<p><strong>PROGRAMME:&nbsp;&nbsp;&nbsp;&nbsp;&nbsp;&nbsp;&nbsp;&nbsp;&nbsp;&nbsp;&nbsp;<\/strong><\/p>\n\n\n\n<p>Investigateur senior, Bourse de recherche Clinique sur la r\u00e9tine.<\/p>\n\n\n\n<h4 class=\"wp-block-heading\"><strong>DOMAINE DE RECHERCHE :<\/strong><\/h4>\n\n\n\n<p>La mission de la Fondation de la R\u00e9tine du Canada est de gu\u00e9rir les maladies de la r\u00e9tine et de pr\u00e9server la vision.<\/p>\n\n\n\n<p>La bourse peut supporter&nbsp;les recherches cliniques innovatrices dans le domaine des maladies de la r\u00e9tine dans le but de soutenir le mandat de la Fondation.<\/p>\n\n\n\n<p><strong>MONTANT :<\/strong><\/p>\n\n\n\n<p>Maximum de $20,000, en un versement unique. Deux bourses seront accord\u00e9es.<\/p>\n\n\n\n<h4 class=\"wp-block-heading\"><strong>INFORMATION ADDITIONNELLE :<\/strong><\/h4>\n\n\n\n<ul class=\"wp-block-list\">\n<li>Les candidats ne peuvent demander un montant sup\u00e9rieur \u00e0 $ 20,000.<\/li>\n\n\n\n<li>Aucun frais administratif&nbsp;n\u2019est autoris\u00e9 sur la demande.<\/li>\n\n\n\n<li>Les chercheurs doivent satisfaire aux exigences g\u00e9n\u00e9rales d\u2019admissibilit\u00e9 \u00e9nonc\u00e9es dans le formulaire de demande de subvention.<\/li>\n\n\n\n<li>Les chercheurs doivent satisfaire aux exigences g\u00e9n\u00e9rales d\u2019admissibilit\u00e9 \u00e9nonc\u00e9es dans le formulaire de demande de subvention.<\/li>\n\n\n\n<li>Le candidate doit \u00eatre le chercheur principal. Le candidat doit \u00eatre un citoyen canadien affili\u00e9 avec une universit\u00e9 canadienne, un h\u00f4pital, un centre m\u00e9dical ou un centre de recherche canadien reconnus<\/li>\n\n\n\n<li>Les chercheurs sont responsables de v\u00e9rifier que la version finale soumise est \u00e0 la fois compl\u00e8te et qu&rsquo;elle satisfait aux exigence de la fondation. Les incoh\u00e9rences ou omissions sont de la responsabilit\u00e9 du chercheur principal.<\/li>\n\n\n\n<li>Toutes les propositions doivent se&nbsp;conformer aux principes de la recherche et toutes les \u00e9tudes impliquant des sujets humains et\/ou animaux doivent \u00eatre revues et approuv\u00e9es par un d&rsquo;\u00e9thique&nbsp;d\u2019une institution reconnue avant que le financement soit accord\u00e9.<\/li>\n\n\n\n<li>L\u2019application n\u00e9cessite la signature du chef de d\u00e9partement.<\/li>\n\n\n\n<li><strong>Les candidats sont tenus de fournir les documents suivants&nbsp;:<\/strong>\n<ul class=\"wp-block-list\">\n<li>Formulaire de demande de subvention<\/li>\n\n\n\n<li>Deux lettres de r\u00e9f\u00e9rences.<\/li>\n\n\n\n<li>Le curriculum vitae du demandeur.<\/li>\n<\/ul>\n<\/li>\n<\/ul>\n\n\n\n<h4 class=\"wp-block-heading\">DEMANDE&nbsp;DE SOUMMISSION:<\/h4>\n\n\n\n<p>Veuillez envoyer les formulaires de demande et les documents par courriel ou fax:<\/p>\n\n\n\n<p> Dr John Galic&nbsp;<br>Pr\u00e9sident, Comit\u00e9 M\u00e9dical Consultatif, <br>Fondation de la r\u00e9tine du Canada<br>Email:&nbsp; <a rel=\"noreferrer noopener\" href=\"mailto:john.galic@retinacanada.com\" target=\"_blank\">john.galic@retinacanada.com<\/a><br>Fax:&nbsp;514-285-8897&nbsp;<\/p>\n","protected":false},"excerpt":{"rendered":"<p>D\u00e9tails: Date limite: le 4 novembre, 2024 SPONSOR&nbsp;: Fondation de la R\u00e9tine du Canada (retinacanada.com) PROGRAMME:&nbsp;&nbsp;&nbsp;&nbsp;&nbsp;&nbsp;&nbsp;&nbsp;&nbsp;&nbsp;&nbsp; Investigateur senior, Bourse de recherche Clinique sur la r\u00e9tine. DOMAINE DE RECHERCHE : La mission de la Fondation de la R\u00e9tine du Canada est de gu\u00e9rir les maladies de la r\u00e9tine et de pr\u00e9server la vision. La bourse peut &hellip; <a href=\"https:\/\/retinacanada.com\/fr\/?page_id=396\" class=\"more-link\">Continuer la lecture de <span class=\"screen-reader-text\">Bourse de recherche senior<\/span><\/a><\/p>\n","protected":false},"author":1,"featured_media":0,"parent":0,"menu_order":0,"comment_status":"closed","ping_status":"closed","template":"","meta":{"footnotes":""},"class_list":["post-396","page","type-page","status-publish","hentry"],"_links":{"self":[{"href":"https:\/\/retinacanada.com\/fr\/index.php?rest_route=\/wp\/v2\/pages\/396","targetHints":{"allow":["GET"]}}],"collection":[{"href":"https:\/\/retinacanada.com\/fr\/index.php?rest_route=\/wp\/v2\/pages"}],"about":[{"href":"https:\/\/retinacanada.com\/fr\/index.php?rest_route=\/wp\/v2\/types\/page"}],"author":[{"embeddable":true,"href":"https:\/\/retinacanada.com\/fr\/index.php?rest_route=\/wp\/v2\/users\/1"}],"replies":[{"embeddable":true,"href":"https:\/\/retinacanada.com\/fr\/index.php?rest_route=%2Fwp%2Fv2%2Fcomments&post=396"}],"version-history":[{"count":3,"href":"https:\/\/retinacanada.com\/fr\/index.php?rest_route=\/wp\/v2\/pages\/396\/revisions"}],"predecessor-version":[{"id":401,"href":"https:\/\/retinacanada.com\/fr\/index.php?rest_route=\/wp\/v2\/pages\/396\/revisions\/401"}],"wp:attachment":[{"href":"https:\/\/retinacanada.com\/fr\/index.php?rest_route=%2Fwp%2Fv2%2Fmedia&parent=396"}],"curies":[{"name":"wp","href":"https:\/\/api.w.org\/{rel}","templated":true}]}}