{"id":58,"date":"2012-04-02T08:18:31","date_gmt":"2012-04-02T12:18:31","guid":{"rendered":"http:\/\/retinacanada.com\/fr\/?page_id=58"},"modified":"2012-04-02T08:18:31","modified_gmt":"2012-04-02T12:18:31","slug":"la-retine","status":"publish","type":"page","link":"https:\/\/retinacanada.com\/fr\/?page_id=58","title":{"rendered":"La r\u00e9tine"},"content":{"rendered":"<p>La r\u00e9tine est une membrane nerveuse de couches multiples qui tapisse le fond de l\u2019\u0153il et nous procure la vision.<br \/>\nElle est compos\u00e9e des cellules sp\u00e9cialis\u00e9es appel\u00e9es photor\u00e9cepteurs qui, lorsque stimul\u00e9s par la lumi\u00e8re, envoient un signal \u00e9lectrique au cerveau via le nerf optique.<br \/>\nLe cerveau, \u00e0 son tour, interpr\u00e8te ces signaux et les transforme en images. La macula est la zone de la r\u00e9tine qui nous donne la meilleure acuit\u00e9 visuelle.<\/p>\n<address>Gacia-Alice Geuvbashian<br \/>\ntraduit par: Alla Muladzanov<\/address>\n","protected":false},"excerpt":{"rendered":"<p>La r\u00e9tine est une membrane nerveuse de couches multiples qui tapisse le fond de l\u2019\u0153il et nous procure la vision. Elle est compos\u00e9e des cellules sp\u00e9cialis\u00e9es appel\u00e9es photor\u00e9cepteurs qui, lorsque stimul\u00e9s par la lumi\u00e8re, envoient un signal \u00e9lectrique au cerveau via le nerf optique. Le cerveau, \u00e0 son tour, interpr\u00e8te ces signaux et les transforme &hellip; <a href=\"https:\/\/retinacanada.com\/fr\/?page_id=58\" class=\"more-link\">Continuer la lecture de <span class=\"screen-reader-text\">La r\u00e9tine<\/span><\/a><\/p>\n","protected":false},"author":1,"featured_media":0,"parent":7,"menu_order":0,"comment_status":"closed","ping_status":"closed","template":"","meta":{"footnotes":""},"class_list":["post-58","page","type-page","status-publish","hentry"],"_links":{"self":[{"href":"https:\/\/retinacanada.com\/fr\/index.php?rest_route=\/wp\/v2\/pages\/58","targetHints":{"allow":["GET"]}}],"collection":[{"href":"https:\/\/retinacanada.com\/fr\/index.php?rest_route=\/wp\/v2\/pages"}],"about":[{"href":"https:\/\/retinacanada.com\/fr\/index.php?rest_route=\/wp\/v2\/types\/page"}],"author":[{"embeddable":true,"href":"https:\/\/retinacanada.com\/fr\/index.php?rest_route=\/wp\/v2\/users\/1"}],"replies":[{"embeddable":true,"href":"https:\/\/retinacanada.com\/fr\/index.php?rest_route=%2Fwp%2Fv2%2Fcomments&post=58"}],"version-history":[{"count":0,"href":"https:\/\/retinacanada.com\/fr\/index.php?rest_route=\/wp\/v2\/pages\/58\/revisions"}],"up":[{"embeddable":true,"href":"https:\/\/retinacanada.com\/fr\/index.php?rest_route=\/wp\/v2\/pages\/7"}],"wp:attachment":[{"href":"https:\/\/retinacanada.com\/fr\/index.php?rest_route=%2Fwp%2Fv2%2Fmedia&parent=58"}],"curies":[{"name":"wp","href":"https:\/\/api.w.org\/{rel}","templated":true}]}}