{"id":60,"date":"2012-04-02T08:19:32","date_gmt":"2012-04-02T12:19:32","guid":{"rendered":"http:\/\/retinacanada.com\/fr\/?page_id=60"},"modified":"2012-04-02T08:19:32","modified_gmt":"2012-04-02T12:19:32","slug":"le-dechirement-de-la-retine","status":"publish","type":"page","link":"https:\/\/retinacanada.com\/fr\/?page_id=60","title":{"rendered":"Le d\u00e9chirement de la r\u00e9tine"},"content":{"rendered":"<p>Le vitr\u00e9 est une substance g\u00e9latineuse qui remplit la cavit\u00e9 de l\u2019\u0153il et qui adh\u00e8re \u00e0 la r\u00e9tine. Avec l\u2019\u00e2ge, le vitr\u00e9 se r\u00e9tracte et tire sur la r\u00e9tine, ce qui peut provoquer dans certains cas une d\u00e9chirure r\u00e9tinienne. Ce processus est connu sous le nom de d\u00e9collement post\u00e9rieur du vitr\u00e9.<br \/>\nLa plupart du temps, les d\u00e9chirures surviennent \u00e0 la p\u00e9riph\u00e9rie de la r\u00e9tine, n\u2019affectant gu\u00e8re l\u2019acuit\u00e9 visuelle. Cependant, elles peuvent aussi entrainer le d\u00e9collement de la r\u00e9tine lorsque le vitr\u00e9 s\u2019infiltre dans l\u2019espace entre la r\u00e9tine et le fond d\u2019\u0153il \u00e0 travers la d\u00e9chirure.<br \/>\nLe d\u00e9collement r\u00e9tinien ne s\u2019accompagne pas toujours de sympt\u00f4mes, mais lorsque pr\u00e9sents, ils peuvent se manifester sous forme d\u2019une baisse de l\u2019acuit\u00e9 visuelle, des flashs lumineux, ou encore des corps flottants (\u00ab\u00a0mouches\u00a0\u00bb ou \u00ab\u00a0filaments\u00a0\u00bb). Les patients pr\u00e9sentant un d\u00e9collement de la r\u00e9tine n\u00e9cessitent un traitement d\u2019urgence, le plus souvent au laser, qui sert a cr\u00e9er une cicatrice au niveau de la d\u00e9chirure, \u00ab\u00a0soudant\u00a0\u00bb la r\u00e9tine en place et emp\u00eachant ainsi son d\u00e9collement total.<\/p>\n<address>Stephan Ong Tone<br \/>\ntraduit par: Alla Muladzanov<\/address>\n","protected":false},"excerpt":{"rendered":"<p>Le vitr\u00e9 est une substance g\u00e9latineuse qui remplit la cavit\u00e9 de l\u2019\u0153il et qui adh\u00e8re \u00e0 la r\u00e9tine. Avec l\u2019\u00e2ge, le vitr\u00e9 se r\u00e9tracte et tire sur la r\u00e9tine, ce qui peut provoquer dans certains cas une d\u00e9chirure r\u00e9tinienne. Ce processus est connu sous le nom de d\u00e9collement post\u00e9rieur du vitr\u00e9. La plupart du temps, &hellip; <a href=\"https:\/\/retinacanada.com\/fr\/?page_id=60\" class=\"more-link\">Continuer la lecture de <span class=\"screen-reader-text\">Le d\u00e9chirement de la r\u00e9tine<\/span><\/a><\/p>\n","protected":false},"author":1,"featured_media":0,"parent":7,"menu_order":1,"comment_status":"closed","ping_status":"closed","template":"","meta":{"footnotes":""},"class_list":["post-60","page","type-page","status-publish","hentry"],"_links":{"self":[{"href":"https:\/\/retinacanada.com\/fr\/index.php?rest_route=\/wp\/v2\/pages\/60","targetHints":{"allow":["GET"]}}],"collection":[{"href":"https:\/\/retinacanada.com\/fr\/index.php?rest_route=\/wp\/v2\/pages"}],"about":[{"href":"https:\/\/retinacanada.com\/fr\/index.php?rest_route=\/wp\/v2\/types\/page"}],"author":[{"embeddable":true,"href":"https:\/\/retinacanada.com\/fr\/index.php?rest_route=\/wp\/v2\/users\/1"}],"replies":[{"embeddable":true,"href":"https:\/\/retinacanada.com\/fr\/index.php?rest_route=%2Fwp%2Fv2%2Fcomments&post=60"}],"version-history":[{"count":0,"href":"https:\/\/retinacanada.com\/fr\/index.php?rest_route=\/wp\/v2\/pages\/60\/revisions"}],"up":[{"embeddable":true,"href":"https:\/\/retinacanada.com\/fr\/index.php?rest_route=\/wp\/v2\/pages\/7"}],"wp:attachment":[{"href":"https:\/\/retinacanada.com\/fr\/index.php?rest_route=%2Fwp%2Fv2%2Fmedia&parent=60"}],"curies":[{"name":"wp","href":"https:\/\/api.w.org\/{rel}","templated":true}]}}