{"id":64,"date":"2012-04-02T08:44:07","date_gmt":"2012-04-02T12:44:07","guid":{"rendered":"http:\/\/retinacanada.com\/fr\/?page_id=64"},"modified":"2012-04-02T08:44:07","modified_gmt":"2012-04-02T12:44:07","slug":"le-decollement-de-la-retine","status":"publish","type":"page","link":"https:\/\/retinacanada.com\/fr\/?page_id=64","title":{"rendered":"Le d\u00e9collement de la r\u00e9tine"},"content":{"rendered":"<p>La r\u00e9tine est une membrane sensible \u00e0 la lumi\u00e8re qui tapisse le fond de l\u2019\u0153il. Un d\u00e9collement de la r\u00e9tine survient lorsqu\u2019il y a une s\u00e9paration entre elle et son tissu de support.<br \/>\nLe d\u00e9collement peut survenir sans cause apparente, mais il est fr\u00e9quent lors des traumatismes, chez les personnes atteintes du diab\u00e8te, des conditions inflammatoires, ou du d\u00e9collement post\u00e9rieur du vitr\u00e9. Les sympt\u00f4mes du d\u00e9collement r\u00e9tinien incluent les flashs lumineux, l\u2019apparition soudaine de nombreux corps flottants (\u00ab\u00a0mouches\u00a0\u00bb ou \u00ab\u00a0filaments\u00a0\u00bb), une vision embrouill\u00e9e, et la perte de vision dans une partie du champ visuel de l\u2019\u0153il atteint (comme un rideau noir qui descend sur une partie du champ visuel).<br \/>\nLa plupart des patients avec cette condition n\u00e9cessitent une chirurgie d\u2019urgence pour rattacher la r\u00e9tine au tissu sous-jacent afin de pr\u00e9server la vue de fa\u00e7on maximale.<\/p>\n<address>Stephan Ong Tone<br \/>\ntraduit par: Alla Muladzanov<\/address>\n<p>&nbsp;<\/p>\n","protected":false},"excerpt":{"rendered":"<p>La r\u00e9tine est une membrane sensible \u00e0 la lumi\u00e8re qui tapisse le fond de l\u2019\u0153il. Un d\u00e9collement de la r\u00e9tine survient lorsqu\u2019il y a une s\u00e9paration entre elle et son tissu de support. Le d\u00e9collement peut survenir sans cause apparente, mais il est fr\u00e9quent lors des traumatismes, chez les personnes atteintes du diab\u00e8te, des conditions &hellip; <a href=\"https:\/\/retinacanada.com\/fr\/?page_id=64\" class=\"more-link\">Continuer la lecture de <span class=\"screen-reader-text\">Le d\u00e9collement de la r\u00e9tine<\/span><\/a><\/p>\n","protected":false},"author":1,"featured_media":0,"parent":7,"menu_order":2,"comment_status":"closed","ping_status":"open","template":"","meta":{"footnotes":""},"class_list":["post-64","page","type-page","status-publish","hentry"],"_links":{"self":[{"href":"https:\/\/retinacanada.com\/fr\/index.php?rest_route=\/wp\/v2\/pages\/64","targetHints":{"allow":["GET"]}}],"collection":[{"href":"https:\/\/retinacanada.com\/fr\/index.php?rest_route=\/wp\/v2\/pages"}],"about":[{"href":"https:\/\/retinacanada.com\/fr\/index.php?rest_route=\/wp\/v2\/types\/page"}],"author":[{"embeddable":true,"href":"https:\/\/retinacanada.com\/fr\/index.php?rest_route=\/wp\/v2\/users\/1"}],"replies":[{"embeddable":true,"href":"https:\/\/retinacanada.com\/fr\/index.php?rest_route=%2Fwp%2Fv2%2Fcomments&post=64"}],"version-history":[{"count":0,"href":"https:\/\/retinacanada.com\/fr\/index.php?rest_route=\/wp\/v2\/pages\/64\/revisions"}],"up":[{"embeddable":true,"href":"https:\/\/retinacanada.com\/fr\/index.php?rest_route=\/wp\/v2\/pages\/7"}],"wp:attachment":[{"href":"https:\/\/retinacanada.com\/fr\/index.php?rest_route=%2Fwp%2Fv2%2Fmedia&parent=64"}],"curies":[{"name":"wp","href":"https:\/\/api.w.org\/{rel}","templated":true}]}}