{"id":68,"date":"2012-04-02T08:45:25","date_gmt":"2012-04-02T12:45:25","guid":{"rendered":"http:\/\/retinacanada.com\/fr\/?page_id=68"},"modified":"2012-04-02T08:45:25","modified_gmt":"2012-04-02T12:45:25","slug":"le-decollement-posterieur-du-vitre","status":"publish","type":"page","link":"https:\/\/retinacanada.com\/fr\/?page_id=68","title":{"rendered":"Le d\u00e9collement post\u00e9rieur du vitr\u00e9"},"content":{"rendered":"<p>L\u2019\u0153il est rempli d\u2019une substance g\u00e9latineuse, appel\u00e9e le vitr\u00e9, qui lui assure sa forme arrondie de globe oculaire. Le vitr\u00e9 adh\u00e8re \u00e0 la r\u00e9tine qui est une membrane nerveuse sensible \u00e0 la lumi\u00e8re tapissant le fond de l\u2019\u0153il.<br \/>\nAvec l\u2019\u00e2ge, le vitr\u00e9 se contracte progressivement et par ce fait tire sur la r\u00e9tine. Les adh\u00e9rences entre le vitr\u00e9 et la r\u00e9tine tendent \u00e0 se briser \u00e0 cause de cette traction, ce qui r\u00e9sulte en la s\u00e9paration entre ces deux structures. Ce processus se nomme le d\u00e9collement post\u00e9rieur du vitr\u00e9.<br \/>\nLes sympt\u00f4mes les plus communs sont des flashs lumineux dans le champ visuel p\u00e9riph\u00e9rique. La plupart du temps, \u00e9tant donn\u00e9 que cette condition ne menace pas la vision, elle ne n\u00e9cessite pas de traitement particulier. Cependant, dans certains cas, le d\u00e9collement du vitr\u00e9 peut entrainer un trou maculaire, une d\u00e9chirure ou un d\u00e9collement de la r\u00e9tine, qui n\u00e9cessiteraient tous un traitement chirurgical pour r\u00e9tablir la vision.<br \/>\n&nbsp;<\/p>\n<address>Stephan Ong Tone<br \/>\ntraduit par: Alla Muladzanov<\/address>\n","protected":false},"excerpt":{"rendered":"<p>L\u2019\u0153il est rempli d\u2019une substance g\u00e9latineuse, appel\u00e9e le vitr\u00e9, qui lui assure sa forme arrondie de globe oculaire. Le vitr\u00e9 adh\u00e8re \u00e0 la r\u00e9tine qui est une membrane nerveuse sensible \u00e0 la lumi\u00e8re tapissant le fond de l\u2019\u0153il. Avec l\u2019\u00e2ge, le vitr\u00e9 se contracte progressivement et par ce fait tire sur la r\u00e9tine. Les adh\u00e9rences &hellip; <a href=\"https:\/\/retinacanada.com\/fr\/?page_id=68\" class=\"more-link\">Continuer la lecture de <span class=\"screen-reader-text\">Le d\u00e9collement post\u00e9rieur du vitr\u00e9<\/span><\/a><\/p>\n","protected":false},"author":1,"featured_media":0,"parent":7,"menu_order":3,"comment_status":"closed","ping_status":"open","template":"","meta":{"footnotes":""},"class_list":["post-68","page","type-page","status-publish","hentry"],"_links":{"self":[{"href":"https:\/\/retinacanada.com\/fr\/index.php?rest_route=\/wp\/v2\/pages\/68","targetHints":{"allow":["GET"]}}],"collection":[{"href":"https:\/\/retinacanada.com\/fr\/index.php?rest_route=\/wp\/v2\/pages"}],"about":[{"href":"https:\/\/retinacanada.com\/fr\/index.php?rest_route=\/wp\/v2\/types\/page"}],"author":[{"embeddable":true,"href":"https:\/\/retinacanada.com\/fr\/index.php?rest_route=\/wp\/v2\/users\/1"}],"replies":[{"embeddable":true,"href":"https:\/\/retinacanada.com\/fr\/index.php?rest_route=%2Fwp%2Fv2%2Fcomments&post=68"}],"version-history":[{"count":0,"href":"https:\/\/retinacanada.com\/fr\/index.php?rest_route=\/wp\/v2\/pages\/68\/revisions"}],"up":[{"embeddable":true,"href":"https:\/\/retinacanada.com\/fr\/index.php?rest_route=\/wp\/v2\/pages\/7"}],"wp:attachment":[{"href":"https:\/\/retinacanada.com\/fr\/index.php?rest_route=%2Fwp%2Fv2%2Fmedia&parent=68"}],"curies":[{"name":"wp","href":"https:\/\/api.w.org\/{rel}","templated":true}]}}