{"id":7,"date":"2011-10-24T16:22:30","date_gmt":"2011-10-24T16:22:30","guid":{"rendered":"http:\/\/retinacanada.com\/fr\/?page_id=7"},"modified":"2021-06-25T16:19:12","modified_gmt":"2021-06-25T16:19:12","slug":"vos-yeux","status":"publish","type":"page","link":"https:\/\/retinacanada.com\/fr\/?page_id=7","title":{"rendered":"Vos yeux"},"content":{"rendered":"<p>La r\u00e9tine est une membrane nerveuse de couches multiples qui tapisse le fond de l\u2019\u0153il et nous procure la vision.\u00a0 Elle est compos\u00e9e des cellules sp\u00e9cialis\u00e9es appel\u00e9es photor\u00e9cepteurs qui, lorsque stimul\u00e9s par la lumi\u00e8re, envoient un signal \u00e9lectrique au cerveau via le nerf optique. Le cerveau, \u00e0 son tour, interpr\u00e8te ces signaux et les transforme en images. La macula est la zone de la r\u00e9tine qui nous donne la meilleure acuit\u00e9 visuelle.<\/p>\n<h3>Lire plus<\/h3>\n<figure id=\"attachment_46\" aria-describedby=\"caption-attachment-46\" style=\"width: 1812px\" class=\"wp-caption alignright\"><a href=\"https:\/\/retinacanada.com\/fr\/wp-content\/uploads\/2011\/10\/106599330-eyes-crop.jpg\"><img loading=\"lazy\" decoding=\"async\" class=\"wp-image-46 size-full\" title=\"nos yeux\" src=\"https:\/\/retinacanada.com\/fr\/wp-content\/uploads\/2011\/10\/106599330-eyes-crop.jpg\" alt=\"\" width=\"1812\" height=\"931\" \/><\/a><figcaption id=\"caption-attachment-46\" class=\"wp-caption-text\">Am\u00e9liorer les soins au patients<\/figcaption><\/figure>\n<ul>\n<li><a title=\"La r\u00e9tine\" href=\"\/\/retinacanada.com\/fr\/?page_id=58\">La r\u00e9tine<\/a><\/li>\n<li><a title=\"Le d\u00e9chirement de la r\u00e9tine\" href=\"\/\/retinacanada.com\/fr\/?page_id=60\">Le d\u00e9chirement de la r\u00e9tine<\/a><\/li>\n<li><a title=\"Le d\u00e9collement de la r\u00e9tine\" href=\"\/\/retinacanada.com\/fr\/?page_id=64\">Le d\u00e9collement de la r\u00e9tine<\/a><\/li>\n<li><a title=\"Le d\u00e9collement post\u00e9rieur du vitr\u00e9\" href=\"\/\/retinacanada.com\/fr\/?page_id=68\">Le d\u00e9collement post\u00e9rieur du vitr\u00e9<\/a><\/li>\n<li><a title=\"La d\u00e9g\u00e9n\u00e9rescence palissadique\" href=\"\/\/retinacanada.com\/fr\/?page_id=70\">La d\u00e9g\u00e9n\u00e9rescence palissadique<\/a><\/li>\n<li><a title=\"La d\u00e9g\u00e9n\u00e9rescence maculaire li\u00e9e \u00e0 l\u2019\u00e2ge\" href=\"\/\/retinacanada.com\/fr\/?page_id=72\">La d\u00e9g\u00e9n\u00e9rescence maculaire li\u00e9e \u00e0 l\u2019\u00e2ge<\/a><\/li>\n<li><a title=\"Le trou maculaire\" href=\"\/\/retinacanada.com\/fr\/?page_id=74\">Le trou maculaire<\/a><\/li>\n<li><a title=\"La r\u00e9tinopathie diab\u00e9tique\" href=\"\/\/retinacanada.com\/fr\/?page_id=76\">La r\u00e9tinopathie diab\u00e9tique<\/a><\/li>\n<li><a title=\"La r\u00e9tinite pigmentaire\" href=\"\/\/retinacanada.com\/fr\/?page_id=78\">La r\u00e9tinite pigmentaire<\/a><\/li>\n<\/ul>\n","protected":false},"excerpt":{"rendered":"<p>La r\u00e9tine est une membrane nerveuse de couches multiples qui tapisse le fond de l\u2019\u0153il et nous procure la vision.\u00a0 Elle est compos\u00e9e des cellules sp\u00e9cialis\u00e9es appel\u00e9es photor\u00e9cepteurs qui, lorsque stimul\u00e9s par la lumi\u00e8re, envoient un signal \u00e9lectrique au cerveau via le nerf optique. Le cerveau, \u00e0 son tour, interpr\u00e8te ces signaux et les transforme &hellip; <a href=\"https:\/\/retinacanada.com\/fr\/?page_id=7\" class=\"more-link\">Continuer la lecture de <span class=\"screen-reader-text\">Vos yeux<\/span><\/a><\/p>\n","protected":false},"author":1,"featured_media":0,"parent":0,"menu_order":0,"comment_status":"closed","ping_status":"closed","template":"","meta":{"footnotes":""},"class_list":["post-7","page","type-page","status-publish","hentry"],"_links":{"self":[{"href":"https:\/\/retinacanada.com\/fr\/index.php?rest_route=\/wp\/v2\/pages\/7","targetHints":{"allow":["GET"]}}],"collection":[{"href":"https:\/\/retinacanada.com\/fr\/index.php?rest_route=\/wp\/v2\/pages"}],"about":[{"href":"https:\/\/retinacanada.com\/fr\/index.php?rest_route=\/wp\/v2\/types\/page"}],"author":[{"embeddable":true,"href":"https:\/\/retinacanada.com\/fr\/index.php?rest_route=\/wp\/v2\/users\/1"}],"replies":[{"embeddable":true,"href":"https:\/\/retinacanada.com\/fr\/index.php?rest_route=%2Fwp%2Fv2%2Fcomments&post=7"}],"version-history":[{"count":1,"href":"https:\/\/retinacanada.com\/fr\/index.php?rest_route=\/wp\/v2\/pages\/7\/revisions"}],"predecessor-version":[{"id":373,"href":"https:\/\/retinacanada.com\/fr\/index.php?rest_route=\/wp\/v2\/pages\/7\/revisions\/373"}],"wp:attachment":[{"href":"https:\/\/retinacanada.com\/fr\/index.php?rest_route=%2Fwp%2Fv2%2Fmedia&parent=7"}],"curies":[{"name":"wp","href":"https:\/\/api.w.org\/{rel}","templated":true}]}}