{"id":70,"date":"2012-04-02T08:46:15","date_gmt":"2012-04-02T12:46:15","guid":{"rendered":"http:\/\/retinacanada.com\/fr\/?page_id=70"},"modified":"2012-04-02T08:46:15","modified_gmt":"2012-04-02T12:46:15","slug":"la-degenerescence-palissadique","status":"publish","type":"page","link":"https:\/\/retinacanada.com\/fr\/?page_id=70","title":{"rendered":"La d\u00e9g\u00e9n\u00e9rescence palissadique"},"content":{"rendered":"<p>La d\u00e9g\u00e9n\u00e9rescence palissadique est une maladie de l\u2019\u0153il affectant surtout la r\u00e9tine p\u00e9riph\u00e9rique, lui donnant un aspect de grillage.<br \/>\nCette affection est habituellement asymptomatique, d\u00e9couverte fortuitement lors d\u2019un examen ophtalmologique de routine. La d\u00e9g\u00e9n\u00e9rescence palissadique peut n\u00e9anmoins se compliquer par une d\u00e9chirure ou un d\u00e9collement de la r\u00e9tine.<br \/>\nLa cause de cette maladie demeure inconnue, mais on note une pr\u00e9valence augment\u00e9e chez les jeunes souffrant de myopie. Une fois le diagnostique pos\u00e9, un suivi ophtalmologique annuel s\u2019impose afin de surveiller l\u2019apparition de sympt\u00f4mes de d\u00e9chirure ou d\u00e9collement r\u00e9tiniens, tels des nombreux corps flottants, flashs lumineux, baisse de l\u2019acuit\u00e9 visuelle, etc.<br \/>\nDans certains cas, un traitement pr\u00e9ventif au laser est recommand\u00e9 aux patients asymptomatiques \u00e0 haut risque de complications.<\/p>\n<address>Stephan Ong Tone<br \/>\ntraduit par: Alla Muladzanov<\/address>\n","protected":false},"excerpt":{"rendered":"<p>La d\u00e9g\u00e9n\u00e9rescence palissadique est une maladie de l\u2019\u0153il affectant surtout la r\u00e9tine p\u00e9riph\u00e9rique, lui donnant un aspect de grillage. Cette affection est habituellement asymptomatique, d\u00e9couverte fortuitement lors d\u2019un examen ophtalmologique de routine. La d\u00e9g\u00e9n\u00e9rescence palissadique peut n\u00e9anmoins se compliquer par une d\u00e9chirure ou un d\u00e9collement de la r\u00e9tine. La cause de cette maladie demeure inconnue, &hellip; <a href=\"https:\/\/retinacanada.com\/fr\/?page_id=70\" class=\"more-link\">Continuer la lecture de <span class=\"screen-reader-text\">La d\u00e9g\u00e9n\u00e9rescence palissadique<\/span><\/a><\/p>\n","protected":false},"author":1,"featured_media":0,"parent":7,"menu_order":4,"comment_status":"closed","ping_status":"open","template":"","meta":{"footnotes":""},"class_list":["post-70","page","type-page","status-publish","hentry"],"_links":{"self":[{"href":"https:\/\/retinacanada.com\/fr\/index.php?rest_route=\/wp\/v2\/pages\/70","targetHints":{"allow":["GET"]}}],"collection":[{"href":"https:\/\/retinacanada.com\/fr\/index.php?rest_route=\/wp\/v2\/pages"}],"about":[{"href":"https:\/\/retinacanada.com\/fr\/index.php?rest_route=\/wp\/v2\/types\/page"}],"author":[{"embeddable":true,"href":"https:\/\/retinacanada.com\/fr\/index.php?rest_route=\/wp\/v2\/users\/1"}],"replies":[{"embeddable":true,"href":"https:\/\/retinacanada.com\/fr\/index.php?rest_route=%2Fwp%2Fv2%2Fcomments&post=70"}],"version-history":[{"count":0,"href":"https:\/\/retinacanada.com\/fr\/index.php?rest_route=\/wp\/v2\/pages\/70\/revisions"}],"up":[{"embeddable":true,"href":"https:\/\/retinacanada.com\/fr\/index.php?rest_route=\/wp\/v2\/pages\/7"}],"wp:attachment":[{"href":"https:\/\/retinacanada.com\/fr\/index.php?rest_route=%2Fwp%2Fv2%2Fmedia&parent=70"}],"curies":[{"name":"wp","href":"https:\/\/api.w.org\/{rel}","templated":true}]}}