{"id":72,"date":"2012-04-02T08:47:07","date_gmt":"2012-04-02T12:47:07","guid":{"rendered":"http:\/\/retinacanada.com\/fr\/?page_id=72"},"modified":"2012-04-02T08:47:07","modified_gmt":"2012-04-02T12:47:07","slug":"la-degenerescence-maculaire-liee-a-lage","status":"publish","type":"page","link":"https:\/\/retinacanada.com\/fr\/?page_id=72","title":{"rendered":"La d\u00e9g\u00e9n\u00e9rescence maculaire li\u00e9e \u00e0 l\u2019\u00e2ge"},"content":{"rendered":"<p>La d\u00e9g\u00e9n\u00e9rescence maculaire li\u00e9e \u00e0 l\u2019\u00e2ge est la cause principale de c\u00e9cit\u00e9 dans le monde. Les adultes de plus de 50 ans en sont les plus affect\u00e9s.<br \/>\nLa maladie peut se pr\u00e9senter sous 2 formes\u00a0: la forme exsudative \u00ab\u00a0humide\u00a0\u00bb et la forme non-exsudative (forme atrophique) \u00ab\u00a0s\u00e8che\u00a0\u00bb. Habituellement, les patients atteints se plaignent de perte de vision centrale mais pas p\u00e9riph\u00e9rique. Les facteurs pr\u00e9disposants \u00e0 la d\u00e9g\u00e9n\u00e9rescence maculaire incluent l\u2019\u00e2ge, l\u2019hypertension art\u00e9rielle, le tabagisme, les ant\u00e9c\u00e9dents familiaux de DM, l\u2019exposition solaire, etc.<br \/>\nLes traitements de DM visent surtout \u00e0 ralentir sa progression et att\u00e9nuer dans la mesure du possible les sympt\u00f4mes du patient qui en est atteint.<\/p>\n<address>Christian Haddad<br \/>\ntraduit par: Alla Muladzanov<\/address>\n","protected":false},"excerpt":{"rendered":"<p>La d\u00e9g\u00e9n\u00e9rescence maculaire li\u00e9e \u00e0 l\u2019\u00e2ge est la cause principale de c\u00e9cit\u00e9 dans le monde. Les adultes de plus de 50 ans en sont les plus affect\u00e9s. La maladie peut se pr\u00e9senter sous 2 formes\u00a0: la forme exsudative \u00ab\u00a0humide\u00a0\u00bb et la forme non-exsudative (forme atrophique) \u00ab\u00a0s\u00e8che\u00a0\u00bb. Habituellement, les patients atteints se plaignent de perte de &hellip; <a href=\"https:\/\/retinacanada.com\/fr\/?page_id=72\" class=\"more-link\">Continuer la lecture de <span class=\"screen-reader-text\">La d\u00e9g\u00e9n\u00e9rescence maculaire li\u00e9e \u00e0 l\u2019\u00e2ge<\/span><\/a><\/p>\n","protected":false},"author":1,"featured_media":0,"parent":7,"menu_order":5,"comment_status":"closed","ping_status":"open","template":"","meta":{"footnotes":""},"class_list":["post-72","page","type-page","status-publish","hentry"],"_links":{"self":[{"href":"https:\/\/retinacanada.com\/fr\/index.php?rest_route=\/wp\/v2\/pages\/72","targetHints":{"allow":["GET"]}}],"collection":[{"href":"https:\/\/retinacanada.com\/fr\/index.php?rest_route=\/wp\/v2\/pages"}],"about":[{"href":"https:\/\/retinacanada.com\/fr\/index.php?rest_route=\/wp\/v2\/types\/page"}],"author":[{"embeddable":true,"href":"https:\/\/retinacanada.com\/fr\/index.php?rest_route=\/wp\/v2\/users\/1"}],"replies":[{"embeddable":true,"href":"https:\/\/retinacanada.com\/fr\/index.php?rest_route=%2Fwp%2Fv2%2Fcomments&post=72"}],"version-history":[{"count":0,"href":"https:\/\/retinacanada.com\/fr\/index.php?rest_route=\/wp\/v2\/pages\/72\/revisions"}],"up":[{"embeddable":true,"href":"https:\/\/retinacanada.com\/fr\/index.php?rest_route=\/wp\/v2\/pages\/7"}],"wp:attachment":[{"href":"https:\/\/retinacanada.com\/fr\/index.php?rest_route=%2Fwp%2Fv2%2Fmedia&parent=72"}],"curies":[{"name":"wp","href":"https:\/\/api.w.org\/{rel}","templated":true}]}}