{"id":74,"date":"2012-04-02T08:47:57","date_gmt":"2012-04-02T08:47:57","guid":{"rendered":"http:\/\/retinacanada.com\/fr\/?page_id=74"},"modified":"2012-04-02T08:47:57","modified_gmt":"2012-04-02T08:47:57","slug":"le-trou-maculaire","status":"publish","type":"page","link":"https:\/\/retinacanada.com\/fr\/?page_id=74","title":{"rendered":"Le trou maculaire"},"content":{"rendered":"<p>La macula est la zone centrale de la r\u00e9tine qui est responsable de la vision centrale d\u2019acuit\u00e9 maximale. Un trou maculaire est une petite l\u00e9sion au centre de la macula pouvant causer une vision centrale embrouill\u00e9e avec des d\u00e9formations visuelles.<br \/>\nCette condition affecte surtout les adultes de plus de 60 ans. G\u00e9n\u00e9ralement l\u2019atteinte est unilat\u00e9rale (un seul \u0153il). Cependant, le risque d\u2019une atteinte \u00e9ventuellement bilat\u00e9rale est de 10%. Les sympt\u00f4mes du trou maculaire sont principalement les d\u00e9formations visuelles centrales, qui se manifestent par des ondulations \u00e0 la lecture dans les stades pr\u00e9coces jusqu\u2019\u00e0 l\u2019apparition des t\u00e2ches aveugles dans les stades plus avanc\u00e9s.<br \/>\nLe traitement chirurgical (vitr\u00e9ctomie) vise \u00e0 retirer le vitr\u00e9 qui tire sur la macula pour pouvoir ensuite la repositionner \u00e0 plat sur le fond d\u2019\u0153il afin de r\u00e9tablir la vision.<\/p>\n<address>Maan Alkharashi, MD<br \/>\ntraduit par: Alla Muladzanov<\/address>\n","protected":false},"excerpt":{"rendered":"<p>La macula est la zone centrale de la r\u00e9tine qui est responsable de la vision centrale d\u2019acuit\u00e9 maximale. Un trou maculaire est une petite l\u00e9sion au centre de la macula pouvant causer une vision centrale embrouill\u00e9e avec des d\u00e9formations visuelles. Cette condition affecte surtout les adultes de plus de 60 ans. G\u00e9n\u00e9ralement l\u2019atteinte est unilat\u00e9rale &hellip; <a href=\"https:\/\/retinacanada.com\/fr\/?page_id=74\" class=\"more-link\">Continuer la lecture de <span class=\"screen-reader-text\">Le trou maculaire<\/span><\/a><\/p>\n","protected":false},"author":1,"featured_media":0,"parent":7,"menu_order":6,"comment_status":"closed","ping_status":"closed","template":"","meta":{"footnotes":""},"class_list":["post-74","page","type-page","status-publish","hentry"],"_links":{"self":[{"href":"https:\/\/retinacanada.com\/fr\/index.php?rest_route=\/wp\/v2\/pages\/74","targetHints":{"allow":["GET"]}}],"collection":[{"href":"https:\/\/retinacanada.com\/fr\/index.php?rest_route=\/wp\/v2\/pages"}],"about":[{"href":"https:\/\/retinacanada.com\/fr\/index.php?rest_route=\/wp\/v2\/types\/page"}],"author":[{"embeddable":true,"href":"https:\/\/retinacanada.com\/fr\/index.php?rest_route=\/wp\/v2\/users\/1"}],"replies":[{"embeddable":true,"href":"https:\/\/retinacanada.com\/fr\/index.php?rest_route=%2Fwp%2Fv2%2Fcomments&post=74"}],"version-history":[{"count":0,"href":"https:\/\/retinacanada.com\/fr\/index.php?rest_route=\/wp\/v2\/pages\/74\/revisions"}],"up":[{"embeddable":true,"href":"https:\/\/retinacanada.com\/fr\/index.php?rest_route=\/wp\/v2\/pages\/7"}],"wp:attachment":[{"href":"https:\/\/retinacanada.com\/fr\/index.php?rest_route=%2Fwp%2Fv2%2Fmedia&parent=74"}],"curies":[{"name":"wp","href":"https:\/\/api.w.org\/{rel}","templated":true}]}}