{"id":76,"date":"2012-04-02T08:48:48","date_gmt":"2012-04-02T12:48:48","guid":{"rendered":"http:\/\/retinacanada.com\/fr\/?page_id=76"},"modified":"2012-04-02T08:48:48","modified_gmt":"2012-04-02T12:48:48","slug":"la-retinopathie-diabetique","status":"publish","type":"page","link":"https:\/\/retinacanada.com\/fr\/?page_id=76","title":{"rendered":"La r\u00e9tinopathie diab\u00e9tique"},"content":{"rendered":"<p>La r\u00e9tinopathie diab\u00e9tique est la cause principale de c\u00e9cit\u00e9 en Am\u00e9rique du nord chez les adultes \u00e2g\u00e9s de 25 \u00e0 75 ans.<br \/>\nLa r\u00e9tinopathie, tout comme le diab\u00e8te qui en est la cause, \u00e9volue progressivement d\u2019un stade pr\u00e9coce asymptomatique vers une c\u00e9cit\u00e9 irr\u00e9versible. L\u2019h\u00e9moglobine glycosyl\u00e9e (HbA1c) et la glyc\u00e9mie \u00e0 jeun sont deux param\u00e8tres utilis\u00e9s en clinique pour d\u00e9pister les patients diab\u00e9tiques \u00e0 haut risque de d\u00e9velopper une r\u00e9tinopathie.<br \/>\nL\u2019examen du fond d\u2019\u0153il est une autre m\u00e9thode fort utile servant \u00e0 d\u00e9celer les micro-an\u00e9vrismes (dilatation des vaisseaux sanguins qui nourrissent le fond d\u2019\u0153il) et d\u2019ajuster le traitement en cons\u00e9quence. La r\u00e9tinopathie diab\u00e9tique se manifeste souvent par l\u2019apparition des corps flottants (\u00ab\u00a0mouches\u00a0\u00bb ou \u00ab\u00a0filaments\u00a0\u00bb) dans le champ visuel.<br \/>\nUn suivi annuel et la sensibilisation des patients s\u2019av\u00e8rent les m\u00e9thodes les plus efficaces de pr\u00e9vention et limitation des dommages caus\u00e9s par la r\u00e9tinopathie diab\u00e9tique.<\/p>\n","protected":false},"excerpt":{"rendered":"<p>La r\u00e9tinopathie diab\u00e9tique est la cause principale de c\u00e9cit\u00e9 en Am\u00e9rique du nord chez les adultes \u00e2g\u00e9s de 25 \u00e0 75 ans. La r\u00e9tinopathie, tout comme le diab\u00e8te qui en est la cause, \u00e9volue progressivement d\u2019un stade pr\u00e9coce asymptomatique vers une c\u00e9cit\u00e9 irr\u00e9versible. L\u2019h\u00e9moglobine glycosyl\u00e9e (HbA1c) et la glyc\u00e9mie \u00e0 jeun sont deux param\u00e8tres utilis\u00e9s &hellip; <a href=\"https:\/\/retinacanada.com\/fr\/?page_id=76\" class=\"more-link\">Continuer la lecture de <span class=\"screen-reader-text\">La r\u00e9tinopathie diab\u00e9tique<\/span><\/a><\/p>\n","protected":false},"author":1,"featured_media":0,"parent":7,"menu_order":7,"comment_status":"open","ping_status":"open","template":"","meta":{"footnotes":""},"class_list":["post-76","page","type-page","status-publish","hentry"],"_links":{"self":[{"href":"https:\/\/retinacanada.com\/fr\/index.php?rest_route=\/wp\/v2\/pages\/76","targetHints":{"allow":["GET"]}}],"collection":[{"href":"https:\/\/retinacanada.com\/fr\/index.php?rest_route=\/wp\/v2\/pages"}],"about":[{"href":"https:\/\/retinacanada.com\/fr\/index.php?rest_route=\/wp\/v2\/types\/page"}],"author":[{"embeddable":true,"href":"https:\/\/retinacanada.com\/fr\/index.php?rest_route=\/wp\/v2\/users\/1"}],"replies":[{"embeddable":true,"href":"https:\/\/retinacanada.com\/fr\/index.php?rest_route=%2Fwp%2Fv2%2Fcomments&post=76"}],"version-history":[{"count":0,"href":"https:\/\/retinacanada.com\/fr\/index.php?rest_route=\/wp\/v2\/pages\/76\/revisions"}],"up":[{"embeddable":true,"href":"https:\/\/retinacanada.com\/fr\/index.php?rest_route=\/wp\/v2\/pages\/7"}],"wp:attachment":[{"href":"https:\/\/retinacanada.com\/fr\/index.php?rest_route=%2Fwp%2Fv2%2Fmedia&parent=76"}],"curies":[{"name":"wp","href":"https:\/\/api.w.org\/{rel}","templated":true}]}}