{"id":78,"date":"2012-04-02T08:49:51","date_gmt":"2012-04-02T08:49:51","guid":{"rendered":"http:\/\/retinacanada.com\/fr\/?page_id=78"},"modified":"2012-04-02T08:49:51","modified_gmt":"2012-04-02T08:49:51","slug":"la-retinite-pigmentaire","status":"publish","type":"page","link":"https:\/\/retinacanada.com\/fr\/?page_id=78","title":{"rendered":"La r\u00e9tinite pigmentaire"},"content":{"rendered":"<p>La r\u00e9tinite pigmentaire (RP) et un ensemble de maladies h\u00e9r\u00e9ditaires de l\u2019\u0153il qui atteint 1 personne sur 5000.<br \/>\nLa RP cause une dysfonction progressive de la r\u00e9tine (une membrane nerveuse au fond de l\u2019\u0153il responsable de la vision). Plus pr\u00e9cis\u00e9ment, la RP affecte les cellules r\u00e9tiniennes en forme de b\u00e2tonnets, responsables normalement de la vision nocturne.<br \/>\nDans la majorit\u00e9 des cas, la RP est transmise g\u00e9n\u00e9tiquement par les parents, mais un tiers des patients n\u2019auront pas de parent\u00e9 atteinte. La RP peut se pr\u00e9senter seule, ou accompagn\u00e9e d\u2019autres manifestations, tels la surdit\u00e9, trouble de la d\u00e9marche, etc. Les sympt\u00f4mes les plus communs\u00a0 sont la c\u00e9cit\u00e9 nocturne qui appara\u00eet assez t\u00f4t dans la maladie, suivie plusieurs ann\u00e9es plus tard d\u2019une baisse graduelle de la vision p\u00e9riph\u00e9rique.<br \/>\nLe diagnostique de la RP peut \u00eatre confirm\u00e9 par plusieurs m\u00e9thodes\u00a0: l\u2019\u00e9lectror\u00e9tinogramme, qui \u00e9value la fonction des b\u00e2tonnets r\u00e9tiniens; la tomographie \u00e0 coh\u00e9rence optique permettant la visualisation microscopique de la r\u00e9tine; ou l\u2019examen du champ visuel.<br \/>\n\u00c0 date, la maladie demeure incurable. Cependant, plusieurs \u00e9tudes sont pr\u00e9sentement en cours afin de trouver un traitement curatif. Plusieurs possibilit\u00e9s sont explor\u00e9es\u00a0: la greffe r\u00e9tinienne, la th\u00e9rapie g\u00e9nique, la th\u00e9rapie utilisant des cellules souches, ou encore la th\u00e9rapie pharmacologique. La suppl\u00e9mentation en vitamine A est le seul traitement actuellement employ\u00e9 qui peut freiner l\u2019\u00e9volution de certaines formes de la maladie.<\/p>\n<address>Susan Wakil<br \/>\ntraduit par: Alla Muladzanov<\/address>\n","protected":false},"excerpt":{"rendered":"<p>La r\u00e9tinite pigmentaire (RP) et un ensemble de maladies h\u00e9r\u00e9ditaires de l\u2019\u0153il qui atteint 1 personne sur 5000. La RP cause une dysfonction progressive de la r\u00e9tine (une membrane nerveuse au fond de l\u2019\u0153il responsable de la vision). Plus pr\u00e9cis\u00e9ment, la RP affecte les cellules r\u00e9tiniennes en forme de b\u00e2tonnets, responsables normalement de la vision &hellip; <a href=\"https:\/\/retinacanada.com\/fr\/?page_id=78\" class=\"more-link\">Continuer la lecture de <span class=\"screen-reader-text\">La r\u00e9tinite pigmentaire<\/span><\/a><\/p>\n","protected":false},"author":1,"featured_media":0,"parent":7,"menu_order":8,"comment_status":"closed","ping_status":"closed","template":"","meta":{"footnotes":""},"class_list":["post-78","page","type-page","status-publish","hentry"],"_links":{"self":[{"href":"https:\/\/retinacanada.com\/fr\/index.php?rest_route=\/wp\/v2\/pages\/78","targetHints":{"allow":["GET"]}}],"collection":[{"href":"https:\/\/retinacanada.com\/fr\/index.php?rest_route=\/wp\/v2\/pages"}],"about":[{"href":"https:\/\/retinacanada.com\/fr\/index.php?rest_route=\/wp\/v2\/types\/page"}],"author":[{"embeddable":true,"href":"https:\/\/retinacanada.com\/fr\/index.php?rest_route=\/wp\/v2\/users\/1"}],"replies":[{"embeddable":true,"href":"https:\/\/retinacanada.com\/fr\/index.php?rest_route=%2Fwp%2Fv2%2Fcomments&post=78"}],"version-history":[{"count":0,"href":"https:\/\/retinacanada.com\/fr\/index.php?rest_route=\/wp\/v2\/pages\/78\/revisions"}],"up":[{"embeddable":true,"href":"https:\/\/retinacanada.com\/fr\/index.php?rest_route=\/wp\/v2\/pages\/7"}],"wp:attachment":[{"href":"https:\/\/retinacanada.com\/fr\/index.php?rest_route=%2Fwp%2Fv2%2Fmedia&parent=78"}],"curies":[{"name":"wp","href":"https:\/\/api.w.org\/{rel}","templated":true}]}}